{"id":2,"date":"2023-12-26T14:46:44","date_gmt":"2023-12-26T17:46:44","guid":{"rendered":"http:\/\/apaf1estrela.com\/?page_id=2"},"modified":"2025-08-21T18:22:32","modified_gmt":"2025-08-21T21:22:32","slug":"pagina-apaf1estrela","status":"publish","type":"page","link":"https:\/\/apaf1estrela.com\/index.php\/pagina-apaf1estrela\/","title":{"rendered":"Campeonatos e Etapas"},"content":{"rendered":"\n<p>Celebra\u00e7\u00e3o de amigos que desejam fortalecer e democratizar o autorama por meio da organiza\u00e7\u00e3o de um campeonato com foco na preserva\u00e7\u00e3o das cl\u00e1ssicas carenagens F1 da Estrela e a busca da alta performance destes nost\u00e1lgicos carros. Este evento visa valorizar os relacionamentos com os amantes do autorama Estrela, dando a oportunidade de correrem com os carros originais ou tunados em diferentes pistas, clubes e lojas.<\/p>\n\n\n\n<p>Vamos simular o circo da F\u00f3rmula 1 na cidade de S\u00e3o Paulo com carros de Autorama Estrela.<br><br>Pistas que j\u00e1 receberam etapas da APA F1 Estrela:<br><br><strong>NRR SLOT CAR &#8211; PAROLU &#8211; SPEED PLACE &#8211; PUTZ &#8211; ALPHA KING &#8211; DG SLOT CAR &#8211; SANTOS&nbsp;SLOT&nbsp;CAR.<\/strong><\/p>\n\n\n\n<p><strong>N\u00e3o perca a oportunidade de colocar seu carro F1 Estrela nas pistas.<\/strong><\/p>\n\n\n\n<h2 class=\"wp-block-heading\">4\u00ba Campeonato 2025 &#8211; H2<\/h2>\n\n\n\n<ul class=\"wp-block-list\">\n<li>1\u00aa Etapa 26\/07 &#8211; <a href=\"https:\/\/apaf1estrela.com\/index.php\/2025\/07\/25\/apa-f1-estrela-1a-etapa-do-campeonato-2a-temporada-2025-na-speed-place\/\">Speed Place<\/a><\/li>\n\n\n\n<li>2\u00aa Etapa 16\/08 &#8211; NRR<\/li>\n\n\n\n<li>3\u00aa Etapa 27\/09 &#8211; NRR<\/li>\n\n\n\n<li>4\u00aa Etapa 25\/10 &#8211; NRR<\/li>\n\n\n\n<li>5\u00aa Etapa 29\/11 &#8211; NRR<\/li>\n\n\n\n<li><strong><a href=\"https:\/\/apaf1estrela.com\/index.php\/2025\/07\/30\/classificacao-4o-campeonato-2025-h2\/\">RESULTADO FINAL<\/a><\/strong><\/li>\n<\/ul>\n\n\n\n<hr class=\"wp-block-separator has-alpha-channel-opacity is-style-wide\"\/>\n\n\n\n<h2 class=\"wp-block-heading\">3\u00ba Campeonato 2025 &#8211; H1<\/h2>\n\n\n\n<ul class=\"wp-block-list\">\n<li>1\u00aa Etapa 22\/02 &#8211; <a href=\"https:\/\/apaf1estrela.com\/index.php\/2025\/02\/07\/apa-f1-estrela-1a-etapa-do-campeonato-2025\/\">NRR<\/a><\/li>\n\n\n\n<li>2\u00aa Etapa 15\/03 &#8211; <a href=\"https:\/\/apaf1estrela.com\/index.php\/2025\/03\/21\/apa-f1-estrela-2a-etapa-do-campeonato-2025\/\" target=\"_blank\" rel=\"noreferrer noopener\">DG<\/a><\/li>\n\n\n\n<li>3\u00aa Etapa 26\/04 &#8211; <a href=\"https:\/\/apaf1estrela.com\/index.php\/2025\/04\/15\/apa-f1-estrela-3a-etapa-do-campeonato-2025-na-nrr\/\">NRR<\/a><\/li>\n\n\n\n<li>4\u00aa Etapa 31\/05 &#8211; <a href=\"https:\/\/apaf1estrela.com\/index.php\/2025\/06\/11\/apa-f1-estrela-4a-etapa-do-campeonato-2025-na-santos-slot-car\/\" data-type=\"link\" data-id=\"https:\/\/apaf1estrela.com\/index.php\/2025\/06\/11\/apa-f1-estrela-4a-etapa-do-campeonato-2025-na-santos-slot-car\/\">SSC<\/a><\/li>\n\n\n\n<li>5\u00aa Etapa 14\/06 &#8211; <a href=\"https:\/\/apaf1estrela.com\/index.php\/2025\/06\/28\/apa-f1-estrela-5a-etapa-do-campeonato-2025-na-nrr\/\" data-type=\"link\" data-id=\"https:\/\/apaf1estrela.com\/index.php\/2025\/06\/28\/apa-f1-estrela-5a-etapa-do-campeonato-2025-na-nrr\/\">NRR<\/a><\/li>\n\n\n\n<li><strong><a href=\"https:\/\/apaf1estrela.com\/index.php\/2025\/03\/24\/classificacao-3o-campeonato-2025-h1\/\">RESULTADO FINAL<\/a><\/strong><\/li>\n<\/ul>\n\n\n\n<hr class=\"wp-block-separator has-alpha-channel-opacity is-style-wide\"\/>\n\n\n\n<h2 class=\"wp-block-heading\">2\u00ba Campeonato 2024 &#8211; H2<\/h2>\n\n\n\n<ul class=\"wp-block-list\">\n<li>1\u00aa Etapa 24\/08\/24 &#8211; <strong><em><a href=\"https:\/\/apaf1estrela.com\/index.php\/2024\/08\/22\/apa-f1-estrela-1a-etapa-do-2o-campeonato-2024-na-parolu\/\" target=\"_blank\" rel=\"noreferrer noopener\">Parolu<\/a><\/em><\/strong><\/li>\n\n\n\n<li>1\u00aa Etapa 14\/09\/24 &#8211; <a href=\"https:\/\/apaf1estrela.com\/index.php\/2024\/09\/10\/apa-f1-estrela-categoria-transversal-standard\/\" target=\"_blank\" rel=\"noreferrer noopener\"><em><strong>Parolu (Transvesal STD)<\/strong><\/em><\/a><\/li>\n\n\n\n<li>2\u00aa Etapa 21\/09\/24 &#8211; <strong><em><a href=\"https:\/\/apaf1estrela.com\/index.php\/2024\/09\/15\/apa-f1-estrela-1a-etapa-do-2o-campeonato-2024-no-putz-slot-car-racing-club\/\" target=\"_blank\" rel=\"noreferrer noopener\">Putz<\/a><\/em><\/strong><\/li>\n\n\n\n<li>3\u00aa Etapa 19\/10\/24 &#8211; <strong><em><a href=\"https:\/\/apaf1estrela.com\/index.php\/2024\/10\/16\/apa-f1-estrela-3a-etapa-na-nrr-2\/\" target=\"_blank\" rel=\"noreferrer noopener\">NRR<\/a><\/em><\/strong><\/li>\n\n\n\n<li>4\u00aa Etapa 23\/11\/24 &#8211; <strong><em><a href=\"https:\/\/apaf1estrela.com\/index.php\/2024\/11\/13\/apa-f1-estrela-4a-etapa-do-2o-campeonato-2024-na-alpha-king\/\" target=\"_blank\" rel=\"noreferrer noopener\">Alpha King<\/a><\/em><\/strong><\/li>\n\n\n\n<li>5\u00aa Etapa 14\/12\/24 &#8211; <strong><em><a href=\"https:\/\/apaf1estrela.com\/index.php\/2025\/07\/04\/apa-f1-estrela-5a-etapa-do-2o-campeonato-2024-na-alpha-king\/\" data-type=\"link\" data-id=\"https:\/\/apaf1estrela.com\/index.php\/2025\/07\/04\/apa-f1-estrela-5a-etapa-do-2o-campeonato-2024-na-alpha-king\/\">NRR<\/a><\/em><\/strong><\/li>\n\n\n\n<li><strong><a href=\"https:\/\/apaf1estrela.com\/index.php\/2024\/10\/17\/classificacao-2o-campeonato-2024\/\">RESULTADO FINAL<\/a><\/strong><\/li>\n<\/ul>\n\n\n\n<div class=\"wp-block-columns is-layout-flex wp-container-core-columns-is-layout-1 wp-block-columns-is-layout-flex\">\n<div class=\"wp-block-column is-layout-flow wp-block-column-is-layout-flow\" style=\"flex-basis:100%\"><div class=\"wp-block-image\">\n<figure class=\"aligncenter size-full is-resized\"><img loading=\"lazy\" decoding=\"async\" width=\"567\" height=\"57\" src=\"https:\/\/apaf1estrela.com\/wp-content\/uploads\/2024\/08\/rodape-2-campeonato.jpg\" alt=\"\" class=\"wp-image-900\" style=\"width:620px;height:auto\" srcset=\"https:\/\/apaf1estrela.com\/wp-content\/uploads\/2024\/08\/rodape-2-campeonato.jpg 567w, https:\/\/apaf1estrela.com\/wp-content\/uploads\/2024\/08\/rodape-2-campeonato-300x30.jpg 300w\" sizes=\"(max-width: 567px) 100vw, 567px\" \/><\/figure><\/div>\n\n\n<hr class=\"wp-block-separator has-alpha-channel-opacity is-style-wide\"\/>\n<\/div>\n<\/div>\n\n\n\n<h2 class=\"wp-block-heading\">1\u00ba Campeonato 2024 &#8211; H1<\/h2>\n\n\n\n<ul class=\"wp-block-list\">\n<li><a href=\"https:\/\/apaf1estrela.com\/index.php\/1a-etapa-24-02-24-nrr\/\" target=\"_blank\" rel=\"noreferrer noopener\">1\u00aa Etapa 24\/02\/24<\/a>&nbsp;\u2013&nbsp;<strong><em><a href=\"https:\/\/apaf1estrela.com\/index.php\/2024\/01\/21\/1o-campeonato-apaf-f1\/\" target=\"_blank\" rel=\"noreferrer noopener\">NRR<\/a><\/em><\/strong><\/li>\n\n\n\n<li><a href=\"https:\/\/apaf1estrela.com\/index.php\/2a-etapa-23-03-24-parolu\/\" target=\"_blank\" rel=\"noreferrer noopener\">2\u00aa Etapa 23\/03\/24<\/a>&nbsp;\u2013&nbsp;<strong><em><a href=\"https:\/\/apaf1estrela.com\/index.php\/2024\/03\/19\/2a-etapa-na-parolu-campeonato-apa-f1-estrela\/\" target=\"_blank\" rel=\"noreferrer noopener\">Parolu<\/a><\/em><\/strong><\/li>\n\n\n\n<li><a href=\"https:\/\/apaf1estrela.com\/index.php\/3a-etapa-27-04-24-nrr\/\" target=\"_blank\" rel=\"noreferrer noopener\">3\u00aa Etapa 27\/04\/24<\/a>&nbsp;\u2013&nbsp;<strong><em><a href=\"https:\/\/apaf1estrela.com\/index.php\/2024\/05\/03\/apa-f1-estrela-3a-etapa-na-nrr\/\" target=\"_blank\" rel=\"noreferrer noopener\">NRR<\/a><\/em><\/strong><\/li>\n\n\n\n<li><a href=\"https:\/\/apaf1estrela.com\/index.php\/4a-etapa-25-05-24-nrr\/\" target=\"_blank\" rel=\"noreferrer noopener\">4\u00aa Etapa 25\/05\/24<\/a>&nbsp;\u2013&nbsp;<em><strong><a href=\"https:\/\/apaf1estrela.com\/index.php\/2024\/05\/15\/apa-f1-estrela-4a-etapa-na-nrr\/\" target=\"_blank\" rel=\"noreferrer noopener\">NRR<\/a><\/strong><\/em><\/li>\n\n\n\n<li><a href=\"https:\/\/apaf1estrela.com\/index.php\/5a-etapa-22-06-24-speed-place\/\" target=\"_blank\" rel=\"noreferrer noopener\">5\u00aa Etapa 22\/06\/24<\/a>&nbsp;\u2013&nbsp;<strong><em><a href=\"https:\/\/apaf1estrela.com\/index.php\/2024\/07\/03\/apa-f1-5a-etapa-na-speed-place\/\" target=\"_blank\" rel=\"noreferrer noopener\">Speed Place<\/a><\/em><\/strong><\/li>\n\n\n\n<li><a href=\"https:\/\/apaf1estrela.com\/index.php\/6a-etapa-10-08-24-nrr\/\" target=\"_blank\" rel=\"noreferrer noopener\">6\u00aa Etapa 10\/08\/24<\/a>&nbsp;\u2013&nbsp;<em><strong><a href=\"https:\/\/apaf1estrela.com\/index.php\/2024\/08\/17\/apa-f1-estrela-6a-etapa-na-nrr\/\" target=\"_blank\" rel=\"noreferrer noopener\">NRR<\/a><\/strong><\/em><\/li>\n\n\n\n<li><a href=\"https:\/\/apaf1estrela.com\/index.php\/planilha-com-todas-as-etapas\/\" target=\"_blank\" rel=\"noreferrer noopener\"><strong>RESULTADO FINAL<\/strong><\/a><\/li>\n<\/ul>\n\n\n<div class=\"wp-block-image\">\n<figure class=\"aligncenter size-full is-resized\"><img loading=\"lazy\" decoding=\"async\" width=\"414\" height=\"57\" src=\"https:\/\/apaf1estrela.com\/wp-content\/uploads\/2024\/03\/image.png\" alt=\"\" class=\"wp-image-282\" style=\"width:416px;height:auto\" srcset=\"https:\/\/apaf1estrela.com\/wp-content\/uploads\/2024\/03\/image.png 414w, https:\/\/apaf1estrela.com\/wp-content\/uploads\/2024\/03\/image-300x41.png 300w\" sizes=\"(max-width: 414px) 100vw, 414px\" \/><\/figure><\/div>\n\n\n<div style=\"height:var(--wp--preset--spacing--30)\" aria-hidden=\"true\" class=\"wp-block-spacer\"><\/div>\n\n\n\n<div style=\"height:var(--wp--preset--spacing--40)\" aria-hidden=\"true\" class=\"wp-block-spacer\"><\/div>\n\n\n\n<div style=\"height:var(--wp--preset--spacing--30)\" aria-hidden=\"true\" class=\"wp-block-spacer\"><\/div>\n\n\n\n<div style=\"height:var(--wp--preset--spacing--40)\" aria-hidden=\"true\" class=\"wp-block-spacer\"><\/div>\n\n\n\n<hr class=\"wp-block-separator has-alpha-channel-opacity is-style-wide\"\/>\n\n\n\n<div style=\"height:var(--wp--preset--spacing--80)\" aria-hidden=\"true\" class=\"wp-block-spacer\"><\/div>\n","protected":false},"excerpt":{"rendered":"<p>Celebra\u00e7\u00e3o de amigos que desejam fortalecer e democratizar o autorama por meio da organiza\u00e7\u00e3o de um campeonato com foco na preserva\u00e7\u00e3o das cl\u00e1ssicas carenagens F1 da Estrela e a busca da alta performance destes nost\u00e1lgicos carros. Este evento visa valorizar os relacionamentos com os amantes do autorama Estrela, dando a oportunidade de correrem com os&#8230;<\/p>\n","protected":false},"author":1,"featured_media":0,"parent":0,"menu_order":0,"comment_status":"closed","ping_status":"closed","template":"","meta":{"_kad_post_transparent":"","_kad_post_title":"","_kad_post_layout":"","_kad_post_sidebar_id":"","_kad_post_content_style":"","_kad_post_vertical_padding":"","_kad_post_feature":"","_kad_post_feature_position":"","_kad_post_header":false,"_kad_post_footer":false,"footnotes":""},"class_list":["post-2","page","type-page","status-publish","hentry"],"_links":{"self":[{"href":"https:\/\/apaf1estrela.com\/index.php\/wp-json\/wp\/v2\/pages\/2"}],"collection":[{"href":"https:\/\/apaf1estrela.com\/index.php\/wp-json\/wp\/v2\/pages"}],"about":[{"href":"https:\/\/apaf1estrela.com\/index.php\/wp-json\/wp\/v2\/types\/page"}],"author":[{"embeddable":true,"href":"https:\/\/apaf1estrela.com\/index.php\/wp-json\/wp\/v2\/users\/1"}],"replies":[{"embeddable":true,"href":"https:\/\/apaf1estrela.com\/index.php\/wp-json\/wp\/v2\/comments?post=2"}],"version-history":[{"count":67,"href":"https:\/\/apaf1estrela.com\/index.php\/wp-json\/wp\/v2\/pages\/2\/revisions"}],"predecessor-version":[{"id":1746,"href":"https:\/\/apaf1estrela.com\/index.php\/wp-json\/wp\/v2\/pages\/2\/revisions\/1746"}],"wp:attachment":[{"href":"https:\/\/apaf1estrela.com\/index.php\/wp-json\/wp\/v2\/media?parent=2"}],"curies":[{"name":"wp","href":"https:\/\/api.w.org\/{rel}","templated":true}]}}